{"id":70,"date":"2023-12-08T00:59:04","date_gmt":"2023-12-07T23:59:04","guid":{"rendered":"https:\/\/ondcctr.cluster029.hosting.ovh.net\/?page_id=70"},"modified":"2023-12-17T21:22:44","modified_gmt":"2023-12-17T20:22:44","slug":"le-bar","status":"publish","type":"page","link":"https:\/\/www.cheznelly.ch\/index.php\/le-bar\/","title":{"rendered":"Le bar"},"content":{"rendered":"\t\t<div data-elementor-type=\"wp-page\" data-elementor-id=\"70\" class=\"elementor elementor-70\">\n\t\t\t\t\t\t\t<div class=\"elementor-element elementor-element-7352469 e-con-full e-flex e-con e-parent\" data-id=\"7352469\" data-element_type=\"container\" data-settings=\"{&quot;content_width&quot;:&quot;full&quot;}\" data-core-v316-plus=\"true\">\n\t\t<div class=\"elementor-element elementor-element-462c890 e-con-full e-flex e-con e-child\" data-id=\"462c890\" data-element_type=\"container\" data-settings=\"{&quot;content_width&quot;:&quot;full&quot;}\">\n\t\t\t\t<div class=\"elementor-element elementor-element-9609306 elementor-invisible elementor-widget elementor-widget-image\" data-id=\"9609306\" data-element_type=\"widget\" data-settings=\"{&quot;_animation&quot;:&quot;zoomIn&quot;}\" data-widget_type=\"image.default\">\n\t\t\t\t<div class=\"elementor-widget-container\">\n\t\t\t<style>\/*! elementor - v3.18.0 - 08-12-2023 *\/\n.elementor-widget-image{text-align:center}.elementor-widget-image a{display:inline-block}.elementor-widget-image a img[src$=\".svg\"]{width:48px}.elementor-widget-image img{vertical-align:middle;display:inline-block}<\/style>\t\t\t\t\t\t\t\t\t\t\t\t<img fetchpriority=\"high\" decoding=\"async\" width=\"1024\" height=\"472\" src=\"https:\/\/www.cheznelly.ch\/wp-content\/uploads\/2023\/12\/PXL_20231215_1616570032-scaled-e1702805854579-1024x472.jpg\" class=\"attachment-large size-large wp-image-780\" alt=\"\" srcset=\"https:\/\/www.cheznelly.ch\/wp-content\/uploads\/2023\/12\/PXL_20231215_1616570032-scaled-e1702805854579-1024x472.jpg 1024w, https:\/\/www.cheznelly.ch\/wp-content\/uploads\/2023\/12\/PXL_20231215_1616570032-scaled-e1702805854579-300x138.jpg 300w, https:\/\/www.cheznelly.ch\/wp-content\/uploads\/2023\/12\/PXL_20231215_1616570032-scaled-e1702805854579-768x354.jpg 768w, https:\/\/www.cheznelly.ch\/wp-content\/uploads\/2023\/12\/PXL_20231215_1616570032-scaled-e1702805854579-1536x709.jpg 1536w, https:\/\/www.cheznelly.ch\/wp-content\/uploads\/2023\/12\/PXL_20231215_1616570032-scaled-e1702805854579-2048x945.jpg 2048w\" sizes=\"(max-width: 1024px) 100vw, 1024px\" \/>\t\t\t\t\t\t\t\t\t\t\t\t\t\t\t<\/div>\n\t\t\t\t<\/div>\n\t\t\t\t<\/div>\n\t\t<div class=\"elementor-element elementor-element-8dbc517 e-con-full e-flex e-con e-child\" data-id=\"8dbc517\" data-element_type=\"container\" data-settings=\"{&quot;content_width&quot;:&quot;full&quot;}\">\n\t\t\t\t<div class=\"elementor-element elementor-element-45efb27 elementor-invisible elementor-widget elementor-widget-text-editor\" data-id=\"45efb27\" data-element_type=\"widget\" data-settings=\"{&quot;_animation&quot;:&quot;fadeIn&quot;}\" data-widget_type=\"text-editor.default\">\n\t\t\t\t<div class=\"elementor-widget-container\">\n\t\t\t<style>\/*! elementor - v3.18.0 - 08-12-2023 *\/\n.elementor-widget-text-editor.elementor-drop-cap-view-stacked .elementor-drop-cap{background-color:#69727d;color:#fff}.elementor-widget-text-editor.elementor-drop-cap-view-framed .elementor-drop-cap{color:#69727d;border:3px solid;background-color:transparent}.elementor-widget-text-editor:not(.elementor-drop-cap-view-default) .elementor-drop-cap{margin-top:8px}.elementor-widget-text-editor:not(.elementor-drop-cap-view-default) .elementor-drop-cap-letter{width:1em;height:1em}.elementor-widget-text-editor .elementor-drop-cap{float:left;text-align:center;line-height:1;font-size:50px}.elementor-widget-text-editor .elementor-drop-cap-letter{display:inline-block}<\/style>\t\t\t\t<p>Profitez de moments agr\u00e9ables et cr\u00e9ez de beaux souvenirs dans le bar le plus accueillant des portes du soleil.<\/p>\t\t\t\t\t\t<\/div>\n\t\t\t\t<\/div>\n\t\t\t\t<\/div>\n\t\t\t\t<\/div>\n\t\t<div class=\"elementor-element elementor-element-c817e07 e-flex e-con-boxed e-con e-parent\" data-id=\"c817e07\" data-element_type=\"container\" data-settings=\"{&quot;content_width&quot;:&quot;boxed&quot;}\" data-core-v316-plus=\"true\">\n\t\t\t\t\t<div class=\"e-con-inner\">\n\t\t<div class=\"elementor-element elementor-element-baadcc8 e-con-full e-flex e-con e-child\" data-id=\"baadcc8\" data-element_type=\"container\" data-settings=\"{&quot;content_width&quot;:&quot;full&quot;}\">\n\t\t\t\t<div class=\"elementor-element elementor-element-9df0ae7 elementor-widget elementor-widget-text-editor\" data-id=\"9df0ae7\" data-element_type=\"widget\" data-widget_type=\"text-editor.default\">\n\t\t\t\t<div class=\"elementor-widget-container\">\n\t\t\t\t\t\t\t<p>Nous avons plein de bi\u00e8re Chez Nelly mais voici une bi\u00e8re unique La DELIRIUM BLOND BARREL AGED. Bi\u00e8re ambr\u00e9e qui a m\u00fbrie en f\u00fbt de Bourbon en bois de ch\u00eane pendant 9 mois.<\/p>\t\t\t\t\t\t<\/div>\n\t\t\t\t<\/div>\n\t\t\t\t<\/div>\n\t\t<div class=\"elementor-element elementor-element-a1f4051 e-con-full e-flex e-con e-child\" data-id=\"a1f4051\" data-element_type=\"container\" data-settings=\"{&quot;content_width&quot;:&quot;full&quot;}\">\n\t\t\t\t<div class=\"elementor-element elementor-element-6b1fbaf elementor-invisible elementor-widget elementor-widget-image\" data-id=\"6b1fbaf\" data-element_type=\"widget\" data-settings=\"{&quot;_animation&quot;:&quot;zoomIn&quot;}\" data-widget_type=\"image.default\">\n\t\t\t\t<div class=\"elementor-widget-container\">\n\t\t\t\t\t\t\t\t\t\t\t\t\t\t\t<img decoding=\"async\" width=\"576\" height=\"1024\" src=\"https:\/\/www.cheznelly.ch\/wp-content\/uploads\/2023\/12\/delirium-barred-aged-576x1024.jpg\" class=\"attachment-large size-large wp-image-534\" alt=\"\" srcset=\"https:\/\/www.cheznelly.ch\/wp-content\/uploads\/2023\/12\/delirium-barred-aged-576x1024.jpg 576w, https:\/\/www.cheznelly.ch\/wp-content\/uploads\/2023\/12\/delirium-barred-aged-169x300.jpg 169w, https:\/\/www.cheznelly.ch\/wp-content\/uploads\/2023\/12\/delirium-barred-aged-768x1365.jpg 768w, https:\/\/www.cheznelly.ch\/wp-content\/uploads\/2023\/12\/delirium-barred-aged-864x1536.jpg 864w, https:\/\/www.cheznelly.ch\/wp-content\/uploads\/2023\/12\/delirium-barred-aged-1152x2048.jpg 1152w, https:\/\/www.cheznelly.ch\/wp-content\/uploads\/2023\/12\/delirium-barred-aged-scaled.jpg 1440w\" sizes=\"(max-width: 576px) 100vw, 576px\" \/>\t\t\t\t\t\t\t\t\t\t\t\t\t\t\t<\/div>\n\t\t\t\t<\/div>\n\t\t\t\t<\/div>\n\t\t\t\t\t<\/div>\n\t\t\t\t<\/div>\n\t\t<div class=\"elementor-element elementor-element-3a48874 e-flex e-con-boxed e-con e-parent\" data-id=\"3a48874\" data-element_type=\"container\" data-settings=\"{&quot;content_width&quot;:&quot;boxed&quot;}\" data-core-v316-plus=\"true\">\n\t\t\t\t\t<div class=\"e-con-inner\">\n\t\t<div class=\"elementor-element elementor-element-fe295a1 e-con-full e-flex e-con e-child\" data-id=\"fe295a1\" data-element_type=\"container\" data-settings=\"{&quot;content_width&quot;:&quot;full&quot;}\">\n\t\t\t\t<div class=\"elementor-element elementor-element-37ad816 elementor-invisible elementor-widget elementor-widget-image\" data-id=\"37ad816\" data-element_type=\"widget\" data-settings=\"{&quot;_animation&quot;:&quot;zoomIn&quot;}\" data-widget_type=\"image.default\">\n\t\t\t\t<div class=\"elementor-widget-container\">\n\t\t\t\t\t\t\t\t\t\t\t\t\t\t\t<img decoding=\"async\" width=\"642\" height=\"1024\" src=\"https:\/\/www.cheznelly.ch\/wp-content\/uploads\/2023\/12\/PXL_20231215_1128025872-642x1024.jpg\" class=\"attachment-large size-large wp-image-773\" alt=\"\" srcset=\"https:\/\/www.cheznelly.ch\/wp-content\/uploads\/2023\/12\/PXL_20231215_1128025872-642x1024.jpg 642w, https:\/\/www.cheznelly.ch\/wp-content\/uploads\/2023\/12\/PXL_20231215_1128025872-188x300.jpg 188w, https:\/\/www.cheznelly.ch\/wp-content\/uploads\/2023\/12\/PXL_20231215_1128025872-768x1226.jpg 768w, https:\/\/www.cheznelly.ch\/wp-content\/uploads\/2023\/12\/PXL_20231215_1128025872-962x1536.jpg 962w, https:\/\/www.cheznelly.ch\/wp-content\/uploads\/2023\/12\/PXL_20231215_1128025872-1283x2048.jpg 1283w, https:\/\/www.cheznelly.ch\/wp-content\/uploads\/2023\/12\/PXL_20231215_1128025872-scaled.jpg 1604w\" sizes=\"(max-width: 642px) 100vw, 642px\" \/>\t\t\t\t\t\t\t\t\t\t\t\t\t\t\t<\/div>\n\t\t\t\t<\/div>\n\t\t\t\t<\/div>\n\t\t<div class=\"elementor-element elementor-element-ce2d8b5 e-con-full e-flex e-con e-child\" data-id=\"ce2d8b5\" data-element_type=\"container\" data-settings=\"{&quot;content_width&quot;:&quot;full&quot;}\">\n\t\t\t\t<div class=\"elementor-element elementor-element-137da35 elementor-invisible elementor-widget elementor-widget-text-editor\" data-id=\"137da35\" data-element_type=\"widget\" data-settings=\"{&quot;_animation&quot;:&quot;fadeIn&quot;}\" data-widget_type=\"text-editor.default\">\n\t\t\t\t<div class=\"elementor-widget-container\">\n\t\t\t\t\t\t\t<p>Nous vous proposons un large choix de boisson : des classiques intemporels, des cocktails maison, une s\u00e9lection de whisky, gin, rhum et vodka haut de gamme.<\/p>\t\t\t\t\t\t<\/div>\n\t\t\t\t<\/div>\n\t\t\t\t<\/div>\n\t\t\t\t\t<\/div>\n\t\t\t\t<\/div>\n\t\t\t\t\t\t\t<\/div>\n\t\t","protected":false},"excerpt":{"rendered":"<p>Profitez de moments agr\u00e9ables et cr\u00e9ez de beaux souvenirs dans le bar le plus accueillant des portes du soleil. Nous avons plein de bi\u00e8re Chez Nelly mais voici une bi\u00e8re unique La DELIRIUM BLOND BARREL AGED. Bi\u00e8re ambr\u00e9e qui a m\u00fbrie en f\u00fbt de Bourbon en bois de ch\u00eane pendant 9 mois. Nous vous proposons [&hellip;]<\/p>\n","protected":false},"author":1,"featured_media":0,"parent":0,"menu_order":0,"comment_status":"closed","ping_status":"closed","template":"elementor_header_footer","meta":{"ocean_post_layout":"","ocean_both_sidebars_style":"","ocean_both_sidebars_content_width":0,"ocean_both_sidebars_sidebars_width":0,"ocean_sidebar":"","ocean_second_sidebar":"","ocean_disable_margins":"enable","ocean_add_body_class":"","ocean_shortcode_before_top_bar":"","ocean_shortcode_after_top_bar":"","ocean_shortcode_before_header":"","ocean_shortcode_after_header":"","ocean_has_shortcode":"","ocean_shortcode_after_title":"","ocean_shortcode_before_footer_widgets":"","ocean_shortcode_after_footer_widgets":"","ocean_shortcode_before_footer_bottom":"","ocean_shortcode_after_footer_bottom":"","ocean_display_top_bar":"default","ocean_display_header":"default","ocean_header_style":"","ocean_center_header_left_menu":"","ocean_custom_header_template":"","ocean_custom_logo":0,"ocean_custom_retina_logo":0,"ocean_custom_logo_max_width":0,"ocean_custom_logo_tablet_max_width":0,"ocean_custom_logo_mobile_max_width":0,"ocean_custom_logo_max_height":0,"ocean_custom_logo_tablet_max_height":0,"ocean_custom_logo_mobile_max_height":0,"ocean_header_custom_menu":"","ocean_menu_typo_font_family":"","ocean_menu_typo_font_subset":"","ocean_menu_typo_font_size":0,"ocean_menu_typo_font_size_tablet":0,"ocean_menu_typo_font_size_mobile":0,"ocean_menu_typo_font_size_unit":"px","ocean_menu_typo_font_weight":"","ocean_menu_typo_font_weight_tablet":"","ocean_menu_typo_font_weight_mobile":"","ocean_menu_typo_transform":"","ocean_menu_typo_transform_tablet":"","ocean_menu_typo_transform_mobile":"","ocean_menu_typo_line_height":0,"ocean_menu_typo_line_height_tablet":0,"ocean_menu_typo_line_height_mobile":0,"ocean_menu_typo_line_height_unit":"","ocean_menu_typo_spacing":0,"ocean_menu_typo_spacing_tablet":0,"ocean_menu_typo_spacing_mobile":0,"ocean_menu_typo_spacing_unit":"","ocean_menu_link_color":"","ocean_menu_link_color_hover":"","ocean_menu_link_color_active":"","ocean_menu_link_background":"","ocean_menu_link_hover_background":"","ocean_menu_link_active_background":"","ocean_menu_social_links_bg":"","ocean_menu_social_hover_links_bg":"","ocean_menu_social_links_color":"","ocean_menu_social_hover_links_color":"","ocean_disable_title":"default","ocean_disable_heading":"default","ocean_post_title":"","ocean_post_subheading":"","ocean_post_title_style":"","ocean_post_title_background_color":"","ocean_post_title_background":0,"ocean_post_title_bg_image_position":"","ocean_post_title_bg_image_attachment":"","ocean_post_title_bg_image_repeat":"","ocean_post_title_bg_image_size":"","ocean_post_title_height":0,"ocean_post_title_bg_overlay":0.5,"ocean_post_title_bg_overlay_color":"","ocean_disable_breadcrumbs":"default","ocean_breadcrumbs_color":"","ocean_breadcrumbs_separator_color":"","ocean_breadcrumbs_links_color":"","ocean_breadcrumbs_links_hover_color":"","ocean_display_footer_widgets":"default","ocean_display_footer_bottom":"default","ocean_custom_footer_template":"","footnotes":""},"class_list":["post-70","page","type-page","status-publish","hentry","entry"],"_links":{"self":[{"href":"https:\/\/www.cheznelly.ch\/index.php\/wp-json\/wp\/v2\/pages\/70","targetHints":{"allow":["GET"]}}],"collection":[{"href":"https:\/\/www.cheznelly.ch\/index.php\/wp-json\/wp\/v2\/pages"}],"about":[{"href":"https:\/\/www.cheznelly.ch\/index.php\/wp-json\/wp\/v2\/types\/page"}],"author":[{"embeddable":true,"href":"https:\/\/www.cheznelly.ch\/index.php\/wp-json\/wp\/v2\/users\/1"}],"replies":[{"embeddable":true,"href":"https:\/\/www.cheznelly.ch\/index.php\/wp-json\/wp\/v2\/comments?post=70"}],"version-history":[{"count":55,"href":"https:\/\/www.cheznelly.ch\/index.php\/wp-json\/wp\/v2\/pages\/70\/revisions"}],"predecessor-version":[{"id":1001,"href":"https:\/\/www.cheznelly.ch\/index.php\/wp-json\/wp\/v2\/pages\/70\/revisions\/1001"}],"wp:attachment":[{"href":"https:\/\/www.cheznelly.ch\/index.php\/wp-json\/wp\/v2\/media?parent=70"}],"curies":[{"name":"wp","href":"https:\/\/api.w.org\/{rel}","templated":true}]}}